{"id":817,"date":"2026-03-27T12:41:26","date_gmt":"2026-03-27T11:41:26","guid":{"rendered":"https:\/\/shop.blockout.fr\/nantes\/?post_type=product&#038;p=817"},"modified":"2026-03-27T12:54:04","modified_gmt":"2026-03-27T11:54:04","slug":"carnet-5-seances-famille","status":"publish","type":"product","link":"https:\/\/shop.blockout.fr\/nantes\/produit\/carnet-5-seances-famille\/","title":{"rendered":"Carnet 5 s\u00e9ances &#8211; Famille"},"content":{"rendered":"<div class=\"store-organizer__preview__text\">\n<div class=\"store-organizer__preview__text\">\n<div class=\"store-organizer__preview__text\">\n<div class=\"store-organizer__preview__text\">\n<div class=\"store-organizer__preview__text\">\n<div class=\"store-organizer__preview__text\">\n<div class=\"store-organizer__preview__text\">\n<div class=\"store-organizer__preview__text\">\n<div class=\"store-organizer__preview__text\">\n<div class=\"store-organizer__preview__text\">\n<div class=\"store-organizer__preview__text\">\n<div class=\"store-organizer__preview__text\">\n<div class=\"store-organizer__preview__text\">\n<div class=\"store-organizer__preview__text\">\n<div class=\"store-organizer__preview__text\">\n<div class=\"store-organizer__preview__text\">\n<div class=\"store-organizer__preview__text\">\n<div class=\"store-organizer__preview__text\">\n<div class=\"store-organizer__preview__text\">\n<div class=\"store-organizer__preview__text\">\n<div class=\"store-organizer__preview__text\">\n<div class=\"store-organizer__preview__text\">\n<div class=\"store-organizer__preview__text\">\n<div class=\"store-organizer__preview__text\">\n<div class=\"store-organizer__preview__text\">\n<div class=\"store-organizer__preview__text\">\n<p>Carte nominative, sans limite de validit\u00e9. A partager en famille uniquement. Caution de carte 6euros \u00e0 r\u00e9gler sur place.<\/p>\n<\/div>\n<\/div>\n<\/div>\n<\/div>\n<\/div>\n<\/div>\n<\/div>\n<\/div>\n<\/div>\n<\/div>\n<\/div>\n<\/div>\n<\/div>\n<\/div>\n<\/div>\n<\/div>\n<\/div>\n<\/div>\n<\/div>\n<\/div>\n<\/div>\n<\/div>\n<\/div>\n<\/div>\n<\/div>\n<\/div>\n","protected":false},"excerpt":{"rendered":"<p>Carte nominative, sans limite de validit\u00e9. A partager en famille uniquement. Caution de carte 6euros \u00e0 r\u00e9gler sur place.<\/p>\n","protected":false},"featured_media":818,"template":"","meta":{"_acf_changed":false,"_seopress_robots_primary_cat":"none","_seopress_titles_title":"","_seopress_titles_desc":"","_seopress_robots_index":""},"product_brand":[],"product_cat":[20,22,19],"product_tag":[],"class_list":{"0":"post-817","1":"product","2":"type-product","3":"status-publish","4":"has-post-thumbnail","6":"product_cat-acces","7":"product_cat-carnets","8":"product_cat-escalade","10":"first","11":"instock","12":"virtual","13":"taxable","14":"purchasable","15":"product-type-simple"},"acf":[],"publishpress_future_action":{"enabled":false,"date":"2026-05-03 05:43:02","action":"change-status","newStatus":"draft","terms":[],"taxonomy":"product_brand","extraData":[]},"publishpress_future_workflow_manual_trigger":{"enabledWorkflows":[]},"_links":{"self":[{"href":"https:\/\/shop.blockout.fr\/nantes\/wp-json\/wp\/v2\/product\/817","targetHints":{"allow":["GET"]}}],"collection":[{"href":"https:\/\/shop.blockout.fr\/nantes\/wp-json\/wp\/v2\/product"}],"about":[{"href":"https:\/\/shop.blockout.fr\/nantes\/wp-json\/wp\/v2\/types\/product"}],"version-history":[{"count":3,"href":"https:\/\/shop.blockout.fr\/nantes\/wp-json\/wp\/v2\/product\/817\/revisions"}],"predecessor-version":[{"id":830,"href":"https:\/\/shop.blockout.fr\/nantes\/wp-json\/wp\/v2\/product\/817\/revisions\/830"}],"wp:featuredmedia":[{"embeddable":true,"href":"https:\/\/shop.blockout.fr\/nantes\/wp-json\/wp\/v2\/media\/818"}],"wp:attachment":[{"href":"https:\/\/shop.blockout.fr\/nantes\/wp-json\/wp\/v2\/media?parent=817"}],"wp:term":[{"taxonomy":"product_brand","embeddable":true,"href":"https:\/\/shop.blockout.fr\/nantes\/wp-json\/wp\/v2\/product_brand?post=817"},{"taxonomy":"product_cat","embeddable":true,"href":"https:\/\/shop.blockout.fr\/nantes\/wp-json\/wp\/v2\/product_cat?post=817"},{"taxonomy":"product_tag","embeddable":true,"href":"https:\/\/shop.blockout.fr\/nantes\/wp-json\/wp\/v2\/product_tag?post=817"}],"curies":[{"name":"wp","href":"https:\/\/api.w.org\/{rel}","templated":true}]}}