{"id":984,"date":"2026-01-27T16:56:53","date_gmt":"2026-01-27T15:56:53","guid":{"rendered":"https:\/\/shop.blockout.fr\/evry\/?post_type=product&#038;p=984"},"modified":"2026-03-05T10:43:20","modified_gmt":"2026-03-05T09:43:20","slug":"seance-decouverte","status":"publish","type":"product","link":"https:\/\/shop.blockout.fr\/evry\/produit\/seance-decouverte\/","title":{"rendered":"S\u00e9ance d\u00e9couverte"},"content":{"rendered":"<div><strong>1 s\u00e9ance avec chaussons de location inclus (r\u00e9serv\u00e9e aux nouveaux clients) !<\/strong><\/div>\n<div><\/div>\n<div class=\"store-organizer__preview__text\">Acc\u00e8s illimit\u00e9 escalade, cardio-musculation et spa \u2013 Valable uniquement si vous n&rsquo;\u00eates jamais venu\/vous n&rsquo;avez pas d\u00e9j\u00e0 un compte client \u2013 Valide 1 mois \u00e0 partir de la date d\u2019achat<\/div>\n","protected":false},"excerpt":{"rendered":"<p>1 s\u00e9ance avec chaussons de location inclus (r\u00e9serv\u00e9e aux nouveaux clients) ! Acc\u00e8s illimit\u00e9 escalade, cardio-musculation et spa \u2013 Valable uniquement si vous n&rsquo;\u00eates jamais venu\/vous n&rsquo;avez pas d\u00e9j\u00e0 un compte client \u2013 Valide 1 mois \u00e0 partir de la date d\u2019achat<\/p>\n","protected":false},"featured_media":985,"template":"","meta":{"_acf_changed":false,"_seopress_robots_primary_cat":"none","_seopress_titles_title":"S\u00e9ance d'escalade \u00e0 10\u20ac jusqu'au 28 f\u00e9vrier 2026 - Block'Out","_seopress_titles_desc":"Vous n'\u00eates jamais venu chez Block'Out ? Profitez vite d'une s\u00e9ance avec chaussons de location inclus \u00e0 10\u20ac, seulement jusqu'au 28\/02.","_seopress_robots_index":"yes"},"product_brand":[],"product_cat":[19],"product_tag":[],"class_list":{"0":"post-984","1":"product","2":"type-product","3":"status-publish","4":"has-post-thumbnail","6":"product_cat-escalade","8":"first","9":"instock","10":"sale","11":"virtual","12":"taxable","13":"purchasable","14":"product-type-simple"},"acf":[],"publishpress_future_action":{"enabled":false,"date":"2026-05-10 00:16:23","action":"change-status","newStatus":"draft","terms":[],"taxonomy":"product_brand","extraData":[]},"publishpress_future_workflow_manual_trigger":{"enabledWorkflows":[]},"_links":{"self":[{"href":"https:\/\/shop.blockout.fr\/evry\/wp-json\/wp\/v2\/product\/984","targetHints":{"allow":["GET"]}}],"collection":[{"href":"https:\/\/shop.blockout.fr\/evry\/wp-json\/wp\/v2\/product"}],"about":[{"href":"https:\/\/shop.blockout.fr\/evry\/wp-json\/wp\/v2\/types\/product"}],"version-history":[{"count":2,"href":"https:\/\/shop.blockout.fr\/evry\/wp-json\/wp\/v2\/product\/984\/revisions"}],"predecessor-version":[{"id":1032,"href":"https:\/\/shop.blockout.fr\/evry\/wp-json\/wp\/v2\/product\/984\/revisions\/1032"}],"wp:featuredmedia":[{"embeddable":true,"href":"https:\/\/shop.blockout.fr\/evry\/wp-json\/wp\/v2\/media\/985"}],"wp:attachment":[{"href":"https:\/\/shop.blockout.fr\/evry\/wp-json\/wp\/v2\/media?parent=984"}],"wp:term":[{"taxonomy":"product_brand","embeddable":true,"href":"https:\/\/shop.blockout.fr\/evry\/wp-json\/wp\/v2\/product_brand?post=984"},{"taxonomy":"product_cat","embeddable":true,"href":"https:\/\/shop.blockout.fr\/evry\/wp-json\/wp\/v2\/product_cat?post=984"},{"taxonomy":"product_tag","embeddable":true,"href":"https:\/\/shop.blockout.fr\/evry\/wp-json\/wp\/v2\/product_tag?post=984"}],"curies":[{"name":"wp","href":"https:\/\/api.w.org\/{rel}","templated":true}]}}